{"id":1248,"date":"2018-05-21T11:38:52","date_gmt":"2018-05-21T11:38:52","guid":{"rendered":"http:\/\/vintagreen.com\/en\/aviso-legal\/"},"modified":"2018-05-21T17:23:04","modified_gmt":"2018-05-21T17:23:04","slug":"aviso-legal","status":"publish","type":"page","link":"https:\/\/vintagreen.com\/en\/aviso-legal\/","title":{"rendered":"Aviso Legal"},"content":{"rendered":"<p>[et_pb_section bb_built=&#8221;1&#8243; fullwidth=&#8221;on&#8221; specialty=&#8221;off&#8221; next_background_color=&#8221;#000000&#8243;][et_pb_fullwidth_header _builder_version=&#8221;3.3.1&#8243; title=&#8221;Pol\u00edtica de Privacidad&#8221; background_color=&#8221;#24d6bb&#8221; background_layout=&#8221;light&#8221; \/][\/et_pb_section][et_pb_section bb_built=&#8221;1&#8243; prev_background_color=&#8221;#000000&#8243;][et_pb_row][et_pb_column type=&#8221;4_4&#8243;][et_pb_text _builder_version=&#8221;3.3.1&#8243;]<\/p>\n<div class=\"page\" title=\"Page 1\">\n<div class=\"layoutArea\">\n<div class=\"column\">\n<p><strong>Datos Legales<\/strong><\/p>\n<\/div>\n<\/div>\n<div class=\"layoutArea\">\n<div class=\"column\">\n<p>En cumplimiento de la Ley de Servicios de la Sociedad de la Informaci\u00f3n (LSSI) se facilitan a los USUARIOS de nuestra p\u00e1gina web la siguiente informaci\u00f3n:<\/p>\n<p>Persona F\u00edsica propietario del dominio y su contenido:<\/p>\n<\/div>\n<\/div>\n<div class=\"layoutArea\">\n<div class=\"column\">\n<p>Adriana<\/p>\n<p>CIF\/NIF.-<\/p>\n<\/div>\n<\/div>\n<div class=\"layoutArea\">\n<div class=\"column\">\n<p>Domicilio a efectos de comunicaci\u00f3n:<\/p>\n<p>C\/<\/p>\n<p>M\u00e9todos de Contacto:<\/p>\n<p>Email: equipo@vintagreen.com<\/p>\n<p>Pol\u00edtica de Privacidad:\u00a0Ver la p\u00e1gina de pol\u00edtica de privacidad<\/p>\n<p>Prestador de Servicio de Intermediaci\u00f3n:<\/p>\n<p>P\u00e1gina desarrollada: <a href=\"https:\/\/www.clicka2.es\" target=\"_blank\" rel=\"noopener\">Clicka2.es<\/a><\/p>\n<p>Albergada por: 1and1<\/p>\n<p><strong>Condiciones de uso<\/strong><\/p>\n<p>VINTAGREEN ofrece el acceso al sitio web: www.vintagreen.com en las condiciones de uso descritas a continuaci\u00f3n:<\/p>\n<p>El acceso al sitio web www.vintagreen.com atribuye a quien lo realiza la condici\u00f3n de USUARIO, y supone la aceptaci\u00f3n previa, plena y sin reservas, por parte del USUARIO de todas y cada una de las Condiciones de Uso vigentes en cada momento, sin perjuicio de las condiciones particulares que sea preciso aplicar en el caso de que el USUARIO desee contratar alguno de los bienes o servicios que se le ofrezcan. Es responsabilidad del USUARIO conocer las Condiciones de Uso antes de acceder a los productos y servicios del Sitio Web; en caso de no estar conforme con las mismas, por favor, abst\u00e9ngase de utilizarlo.<\/p>\n<p>La prestaci\u00f3n del servicio del Portal tiene car\u00e1cter gratuito. No obstante, VINTAGREEN se reserva la posibilidad de condicionar el acceso a algunos servicios al previo registro del USUARIO mediante la cumplimentaci\u00f3n del Formulario de Alta de Usuario, que est\u00e1 a disposici\u00f3n de quien desee registrarse como USUARIO REGISTRADO. Cuando sea necesario que el USUARIO se registre como USUARIO REGISTRADO o aporte datos personales para poder acceder a alg\u00fan servicio espec\u00edfico, la recogida y tratamiento de los datos personales del USUARIO se realizar\u00e1 seg\u00fan lo dispuesto en la p\u00e1gina Pol\u00edtica de Privacidad.<\/p>\n<p>VINTAGREEN, con el fin de mejorar las prestaciones del sitio web, se reserva el derecho a modificar, ampliar o suspender temporalmente la presentaci\u00f3n, configuraci\u00f3n, especificaciones t\u00e9cnicas, contenidos y servicios del sitio web: www.vintagreen.com en cualquier momento de forma unilateral y sin previa notificaci\u00f3n al USUARIO.<\/p>\n<p>Asimismo, se reserva el derecho a modificar en cualquier momento las presentes condiciones de uso, as\u00ed como cualesquiera otras condiciones particulares contenidas en el sitio web www.vintagreen.com<\/p>\n<p>El USUARIO se compromete a realizar un buen uso de los contenidos y servicios del sitio web www.vintagreen.com, que nunca podr\u00e1n ser utilizados para actividades il\u00edcitas o que puedan ser contrarias al orden p\u00fablico, la defensa nacional o la salud p\u00fablica. Cualquier utilizaci\u00f3n por parte del USUARIO de los contenidos y servicios habr\u00e1 de respetar los principios indicados en el p\u00e1rrafo anterior.<\/p>\n<p>El USUARIO est\u00e1 expresamente autorizado para visualizar toda la informaci\u00f3n contenida en el sitio web, as\u00ed como para efectuar reproducciones privadas de la misma en sus sistemas inform\u00e1ticos, siempre y cuando dichos contenidos sean para su uso exclusivo y no sean posteriormente cedidos a terceros.<\/p>\n<p>El sitio web www.vintagreen.com es una obra compuesta de diversos elementos integrados e inseparables (texto, ilustraciones, fotograf\u00edas, sonidos, m\u00fasica, im\u00e1genes animadas, v\u00eddeos, programas de ordenador, incluidos los c\u00f3digos html del Sitio, etc.), cuya Propiedad Intelectual le corresponde a VINTAGREEN, salvo en lo referente a aquellos materiales obtenidos bajo licencia de terceros.<\/p>\n<p>VINTAGREEN, y sus licenciantes retienen en todo momento la Propiedad Intelectual sobre el Sitio Web y sobre los\u00a0distintos elementos que lo componen, individualmente considerados, en todas las copias que se realicen (cualquiera que sea el soporte al que se incorporen), concediendo sobre los mismos \u00fanicamente los derechos de uso que m\u00e1s adelante se describen. Cualquier derecho que no sea expresamente cedido se entiende reservado.<\/p>\n<\/div>\n<\/div>\n<\/div>\n<div class=\"page\" title=\"Page 2\">\n<div class=\"layoutArea\">\n<div class=\"column\">\n<p>Adem\u00e1s de lo anterior, VINTAGREEN es responsable de la selecci\u00f3n, dise\u00f1o de la estructura y disposici\u00f3n de los contenidos del Sitio Web, as\u00ed como quien ha tomado la iniciativa y asumido el riesgo de efectuar las inversiones sustanciales orientadas a la obtenci\u00f3n, digitalizaci\u00f3n y presentaci\u00f3n del mismo, correspondi\u00e9ndole, por tanto, la protecci\u00f3n que el art\u00edculo 12 y el T\u00edtulo VIII del Libro II de la Ley de Propiedad Intelectual pueda conceder sobre el Sitio Web, considerado como una base de datos.<\/p>\n<p>VINTAGREEN es tambi\u00e9n la \u00fanica propietaria del dise\u00f1o e imagen gr\u00e1fica del Sitio Web, reserv\u00e1ndose las acciones que legalmente le correspondan contra las personas que pudieran realizar imitaciones o usos desleales del mismo.<\/p>\n<p>Las Marcas de\u00a0VINTAGREEN, o de terceros que aparezcan en el Sitio Web no podr\u00e1n ser reproducidas o utilizadas separadamente, fuera de los lugares del Sitio Web donde las mismas aparezcan.<\/p>\n<p>Cualquier reproducci\u00f3n, distribuci\u00f3n, comercializaci\u00f3n o transformaci\u00f3n de los contenidos que no haya sido expresamente autorizada por sus titulares, constituye una infracci\u00f3n de los derechos de propiedad intelectual e industrial protegidos por la Ley.<\/p>\n<p>VINTAGREEN, podr\u00e1 ejercer todas las acciones administrativas, civiles o penales que le correspondan en caso de infracci\u00f3n de estos derechos por parte del USUARIO.<\/p>\n<p><strong>Usos permitidos<\/strong><\/p>\n<p>A usted le est\u00e1 permitido:<\/p>\n<p>\u2022 Acceder y visualizar los contenidos del Sitio Web en su ordenador, quedando autorizada cualquier reproducci\u00f3n temporal o accesoria de los mismos en la memoria cach\u00e9, siempre que dicha reproducci\u00f3n no sea voluntaria y forme parte integrante y esencial del proceso tecnol\u00f3gico de transmisi\u00f3n.<\/p>\n<p>\u2022 Reproducir los contenidos del Sitio Web de forma permanente en cualquier tipo de soporte inform\u00e1tico (disco duro, disquete, etc.), excepto cuando se trate de un centro servidor de redes o dispositivo equivalente.<\/p>\n<p>\u2022 Realizar copias impresas de los contenidos del Sitio Web, bien obtenga las mismas durante el proceso de visualizaci\u00f3n o a partir de las copias por usted mismo almacenadas.<\/p>\n<p>Cuando expresamente as\u00ed se indique (especialmente en los materiales susceptibles de descarga o download desde el Sitio Web), la realizaci\u00f3n de las operaciones permitidas respecto de alguno de los contenidos requerir\u00e1 del previo pago de una cantidad en concepto de licencia, en las condiciones que VINTAGREEN, establezca en el apartado correspondiente.<\/p>\n<p>Las operaciones autorizadas podr\u00e1n ser realizadas en el \u00e1mbito privado, y las copias de los contenidos del Sitio Web leg\u00edtimamente obtenidas s\u00f3lo podr\u00e1n ser utilizadas por usted, para su uso estrictamente personal.<\/p>\n<p>Quedan especialmente prohibidas las siguientes operaciones respecto del Sitio Web, sus contenidos y las copias de los mismos realizadas por usted:<\/p>\n<ul>\n<li>Cualquier utilizaci\u00f3n fuera de su \u00e1mbito personal y privado, especialmente aquellas que tengan con fines comerciales o profesionales.<\/li>\n<li>Su modificaci\u00f3n y, en general, cualquier transformaci\u00f3n de los mismos, incluida la traducci\u00f3n, adaptaci\u00f3n, arreglo, o cualquier otra transformaci\u00f3n, incluida la correcci\u00f3n de errores de los programas de ordenador, de los que tampoco se podr\u00e1n realizar versiones sucesivas ni programas derivados.<\/li>\n<li>Su carga y\/o utilizaci\u00f3n en cualquier sistema de red de ordenadores, aunque el acceso al mismo no pueda realizarse simult\u00e1neamente por los distintos usuarios de dicha red.<\/li>\n<li>Cualquier tipo de extracci\u00f3n, comunicaci\u00f3n p\u00fablica y\/o transmisi\u00f3n, total o parcial, por cualquier medio, fuera del \u00e1mbito del uso permitido de los contenidos del sitio Web y, especialmente, su incorporaci\u00f3n a cualquier otra obra, incluidas p\u00e1ginas web, colecci\u00f3n o base de datos.<\/li>\n<li>La remoci\u00f3n, ocultaci\u00f3n o falseamiento de los avisos y advertencias sobre la Propiedad Intelectual del Sitio Web o de cualquiera de sus contenidos.El acceso y la utilizaci\u00f3n de la p\u00e1gina www.vintagreen.com se realizar\u00e1n bajo la \u00fanica y exclusiva responsabilidad del USUARIO.<\/li>\n<\/ul>\n<\/div>\n<\/div>\n<\/div>\n<div class=\"page\" title=\"Page 3\">\n<div class=\"layoutArea\">\n<div class=\"column\">\n<p>VINTAGREEN, no se responsabiliza de la exactitud, veracidad y vigencia de las informaciones que no sean de elaboraci\u00f3n propia y cuyos contenidos pertenezcan a fuentes de informaci\u00f3n de terceros ajenos a ella.<\/p>\n<p>VINTAGREEN, no garantiza ni se responsabiliza de los da\u00f1os y perjuicios de toda naturaleza que se deban a las siguientes circunstancias:<\/p>\n<ol>\n<li>La falta de continuidad del funcionamiento de www.vintagreen.com<\/li>\n<li>La falta de utilidad, adecuaci\u00f3n o validez de los servicios y contenidos que se ofrecen en www.vintagreen.com respecto a los resultados y expectativas del USUARIO.<\/li>\n<li>La existencia de virus o programas en el ordenador del USUARIO o por la presencia de virus en los servicios prestados por terceros a trav\u00e9s de www.vintagreen.com<\/li>\n<li>El conocimiento que puedan tener terceros no autorizados de la clase, condiciones, caracter\u00edsticas y circunstancias de acceso y uso que los USUARIOS hacen del sitio web y de las informaciones y servicios.<\/li>\n<li>Bajo ninguna circunstancia, incluida la negligencia, de la p\u00e9rdida de negocio, p\u00e9rdida de uso, p\u00e9rdida debeneficios, p\u00e9rdida de datos, por da\u00f1os indirectos, secundarios, especiales o consecuentes que resulten del acceso o del uso de los servicios del sitio web, o que de otra forma se encuentren dentro del \u00e1mbito.<\/li>\n<\/ol>\n<p><strong>Jurisdicci\u00f3n y legislaci\u00f3n aplicable<\/strong><\/p>\n<p>Las presentes Condiciones de Uso se regir\u00e1n por lo dispuesto en la legislaci\u00f3n espa\u00f1ola. En el caso de que se produzca cualquier discrepancia o controversia con motivo de la interpretaci\u00f3n o la aplicaci\u00f3n de las presentes Condiciones de Uso o del contenido de la p\u00e1gina web, Beauty Faculty SL, y el USUARIO, con renuncia expresa a cualquier otro fuero que pudiera corresponderles, se someten a la jurisdicci\u00f3n de los Juzgados y Tribunales de Pozuelo de Alarc\u00f3n.<\/p>\n<p>Alta en los servicios como usuario registrado<\/p>\n<p>Para acceder a determinados servicios ser\u00e1 preciso darse de alta como USUARIO REGISTRADO de www.vintagreen.com. Los datos para cumplimentar el Formulario de Alta se facilitan de manera libre y voluntaria, de manera que los datos habr\u00e1n de ser ciertos y ajustados a la realidad.<\/p>\n<p>El USUARIO se compromete a hacer un uso diligente y a no poner a disposici\u00f3n de terceros su nombre de usuario y contrase\u00f1a, as\u00ed como a comunicar a Beauty Faculty SL, con la mayor brevedad, la p\u00e9rdida, robo o cualquier riesgo de acceso a los mismos por un tercero.<\/p>\n<p>Al darse de alta como USUARIO REGISTRADO, el USUARIO consiente que sus datos personales y\/o cualquier otro dato facilitado sean tratados de forma automatizada o manual.<\/p>\n<p><strong>Enlaces<\/strong><\/p>\n<p>El sitio web www.vintagreen.com proporciona enlaces a otros sitios web o contenidos que son propiedad de terceros. El \u00fanico objeto de los enlaces es proporcionar al USUARIO la posibilidad de complementar la informaci\u00f3n a trav\u00e9s de dichos enlaces.\u00a0VINTAGREEN no se responsabiliza en ning\u00fan caso de los resultados que puedan derivarse al USUARIO por acceso a dichos enlaces.<\/p>\n<p>El USUARIO, y en general cualquier persona f\u00edsica o jur\u00eddica que se proponga establecer cualquier dispositivo t\u00e9cnico de enlace desde su sitio web al sitio web www.vintagreen.com deber\u00e1 obtener autorizaci\u00f3n previa y por escrito de VINTAGREEN. El establecimiento del enlace no implica en ning\u00fan caso la existencia de relaciones entre VINTAGREEN y el propietario del sitio en el que se establezca el enlace, ni la aceptaci\u00f3n o aprobaci\u00f3n por parte de VINTAGREEN de sus contenidos o servicios.<\/p>\n<\/div>\n<\/div>\n<\/div>\n<p>[\/et_pb_text][\/et_pb_column][\/et_pb_row][\/et_pb_section]<\/p>\n","protected":false},"excerpt":{"rendered":"<p>[et_pb_section bb_built=&#8221;1&#8243; fullwidth=&#8221;on&#8221; specialty=&#8221;off&#8221; next_background_color=&#8221;#000000&#8243;][et_pb_fullwidth_header _builder_version=&#8221;3.3.1&#8243; title=&#8221;Pol\u00edtica de Privacidad&#8221; background_color=&#8221;#24d6bb&#8221; background_layout=&#8221;light&#8221; \/][\/et_pb_section][et_pb_section bb_built=&#8221;1&#8243; prev_background_color=&#8221;#000000&#8243;][et_pb_row][et_pb_column type=&#8221;4_4&#8243;][et_pb_text _builder_version=&#8221;3.3.1&#8243;] Datos Legales En cumplimiento de la Ley de Servicios de la Sociedad de la Informaci\u00f3n (LSSI) se facilitan a los USUARIOS de nuestra p\u00e1gina web la siguiente informaci\u00f3n: Persona F\u00edsica propietario del dominio y su contenido: Adriana CIF\/NIF.- Domicilio [&hellip;]<\/p>\n","protected":false},"author":1,"featured_media":0,"parent":0,"menu_order":0,"comment_status":"closed","ping_status":"closed","template":"","meta":{"_et_pb_use_builder":"on","_et_pb_old_content":"","footnotes":""},"class_list":["post-1248","page","type-page","status-publish","hentry"],"jetpack_sharing_enabled":true,"_links":{"self":[{"href":"https:\/\/vintagreen.com\/en\/wp-json\/wp\/v2\/pages\/1248\/"}],"collection":[{"href":"https:\/\/vintagreen.com\/en\/wp-json\/wp\/v2\/pages\/"}],"about":[{"href":"https:\/\/vintagreen.com\/en\/wp-json\/wp\/v2\/types\/page\/"}],"author":[{"embeddable":true,"href":"https:\/\/vintagreen.com\/en\/wp-json\/wp\/v2\/users\/1\/"}],"replies":[{"embeddable":true,"href":"https:\/\/vintagreen.com\/en\/wp-json\/wp\/v2\/comments\/?post=1248"}],"version-history":[{"count":4,"href":"https:\/\/vintagreen.com\/en\/wp-json\/wp\/v2\/pages\/1248\/revisions\/"}],"predecessor-version":[{"id":1310,"href":"https:\/\/vintagreen.com\/en\/wp-json\/wp\/v2\/pages\/1248\/revisions\/1310\/"}],"wp:attachment":[{"href":"https:\/\/vintagreen.com\/en\/wp-json\/wp\/v2\/media\/?parent=1248"}],"curies":[{"name":"wp","href":"https:\/\/api.w.org\/{rel}","templated":true}]}}