{"id":1654,"date":"2018-09-18T12:24:31","date_gmt":"2018-09-18T12:24:31","guid":{"rendered":"http:\/\/vintagreen.com\/?post_type=product&#038;p=1654"},"modified":"2018-09-20T13:41:11","modified_gmt":"2018-09-20T13:41:11","slug":"neumann-v457-2","status":"publish","type":"product","link":"https:\/\/vintagreen.com\/en\/producto\/neumann-v457-2\/","title":{"rendered":"NEUMANN V457-2"},"content":{"rendered":"<div class=\"name\">\n<h2 class=\"headline_type_2\"><span style=\"font-family: georgia, palatino, serif;\">NEUMANN CARDS<\/span><\/h2>\n<\/div>\n<div class=\"description\">\n<p><span style=\"font-family: georgia, palatino, serif; font-size: 12pt;\">We have these types of cards vintage NEUMANN Original:<\/span><\/p>\n<ul>\n<li><span style=\"font-family: georgia, palatino, serif; font-size: 12pt;\"><strong>NeumannV457-2<\/strong><\/span><\/li>\n<\/ul>\n<p><span style=\"font-family: georgia, palatino, serif;\">DUO- Anpassungsverst\u00e4rker f\u00fcr HiFi Ger\u00e4te. Transformers Neumann.<\/span><\/p>\n<p><span style=\"font-family: georgia, palatino, serif; font-size: 12pt;\">2-channel balancing amp made to connect unbalanced Hi-Fi gear to the professional balanced studio environment<\/span><\/p>\n<\/div>\n","protected":false},"excerpt":{"rendered":"<p>Vintage Neumann Card<\/p>\n<p>No tested.<\/p>\n","protected":false},"featured_media":1656,"template":"","meta":{"_et_pb_use_builder":"","_et_pb_old_content":""},"class_list":["post-1654","product","type-product","status-publish","has-post-thumbnail","hentry","product_cat-neumann-cards-en","product_shipping_class-europa"],"jetpack_sharing_enabled":true,"_links":{"self":[{"href":"https:\/\/vintagreen.com\/en\/wp-json\/wp\/v2\/product\/1654\/"}],"collection":[{"href":"https:\/\/vintagreen.com\/en\/wp-json\/wp\/v2\/product\/"}],"about":[{"href":"https:\/\/vintagreen.com\/en\/wp-json\/wp\/v2\/types\/product\/"}],"wp:featuredmedia":[{"embeddable":true,"href":"https:\/\/vintagreen.com\/en\/wp-json\/wp\/v2\/media\/1656\/"}],"wp:attachment":[{"href":"https:\/\/vintagreen.com\/en\/wp-json\/wp\/v2\/media\/?parent=1654"}],"curies":[{"name":"wp","href":"https:\/\/api.w.org\/{rel}","templated":true}]}}